{"id":2713,"date":"2021-05-10T12:13:11","date_gmt":"2021-05-10T16:13:11","guid":{"rendered":"https:\/\/www.childhooddisability.ca\/?page_id=2713"},"modified":"2023-10-15T14:48:35","modified_gmt":"2023-10-15T18:48:35","slug":"ressources-covid-19","status":"publish","type":"page","link":"https:\/\/www.childhooddisability.ca\/fr\/ressources-covid-19\/","title":{"rendered":"Ressources COVID-19"},"content":{"rendered":"<p>Cette section comprend des ressources destin\u00e9es aux enfants et aux jeunes avec handicaps et leurs familles pendant la pand\u00e9mie de COVID-19.<\/p>\n<ul>\n<li><a href=\"https:\/\/www.childhooddisability.ca\/wp-content\/uploads\/2021\/05\/COVID-19-MH-Infographic_FR_FINAL.pdf\">Vers des politiques inclusives sur la COVID-19<\/a><\/li>\n<li><a href=\"https:\/\/www.childhooddisability.ca\/wp-content\/uploads\/2021\/05\/Youth-Mental-Health_FR.pdf\">Rien sans nous : R\u00e9ponses aux politiques sur la COVID-19 afin d\u2019am\u00e9liorer la sant\u00e9 mentale des jeunes ayant une incapacit\u00e9 et de leurs familles<\/a><\/li>\n<\/ul>\n<p>&nbsp;<\/p>\n","protected":false},"excerpt":{"rendered":"<p>Cette section comprend des ressources destin\u00e9es aux enfants et aux jeunes avec handicaps et leurs familles pendant la pand\u00e9mie de COVID-19. Vers des politiques inclusives sur la COVID-19 Rien sans nous : R\u00e9ponses aux politiques sur la COVID-19 afin d\u2019am\u00e9liorer la sant\u00e9 mentale des jeunes ayant une incapacit\u00e9 et de leurs familles &nbsp;<\/p>\n","protected":false},"author":7,"featured_media":0,"parent":0,"menu_order":0,"comment_status":"closed","ping_status":"closed","template":"","meta":{"_acf_changed":false,"footnotes":""},"class_list":["post-2713","page","type-page","status-publish","hentry"],"acf":[],"_links":{"self":[{"href":"https:\/\/www.childhooddisability.ca\/fr\/wp-json\/wp\/v2\/pages\/2713","targetHints":{"allow":["GET"]}}],"collection":[{"href":"https:\/\/www.childhooddisability.ca\/fr\/wp-json\/wp\/v2\/pages"}],"about":[{"href":"https:\/\/www.childhooddisability.ca\/fr\/wp-json\/wp\/v2\/types\/page"}],"author":[{"embeddable":true,"href":"https:\/\/www.childhooddisability.ca\/fr\/wp-json\/wp\/v2\/users\/7"}],"replies":[{"embeddable":true,"href":"https:\/\/www.childhooddisability.ca\/fr\/wp-json\/wp\/v2\/comments?post=2713"}],"version-history":[{"count":11,"href":"https:\/\/www.childhooddisability.ca\/fr\/wp-json\/wp\/v2\/pages\/2713\/revisions"}],"predecessor-version":[{"id":3617,"href":"https:\/\/www.childhooddisability.ca\/fr\/wp-json\/wp\/v2\/pages\/2713\/revisions\/3617"}],"wp:attachment":[{"href":"https:\/\/www.childhooddisability.ca\/fr\/wp-json\/wp\/v2\/media?parent=2713"}],"curies":[{"name":"wp","href":"https:\/\/api.w.org\/{rel}","templated":true}]}}