{"id":3348,"date":"2019-11-12T20:58:22","date_gmt":"2019-11-13T01:58:22","guid":{"rendered":"https:\/\/www.childhooddisability.ca\/early-detection-of-cp\/"},"modified":"2024-08-27T14:58:35","modified_gmt":"2024-08-27T18:58:35","slug":"early-detection-of-cp","status":"publish","type":"page","link":"https:\/\/www.childhooddisability.ca\/fr\/early-detection-of-cp\/","title":{"rendered":"D\u00e9tection pr\u00e9coce de la paralysie c\u00e9r\u00e9brale"},"content":{"rendered":"<p><strong>Des \u00e9tudes r\u00e9centes ont fourni des m\u00e9thodes de d\u00e9tection pr\u00e9coce des cas de paralysie c\u00e9r\u00e9brale (PC) chez les nourrissons et les jeunes enfants. Pour les nourrissons \u00e0 haut risque, comme ceux n\u00e9s tr\u00e8s pr\u00e9matur\u00e9ment, il existe des directives internationales visant \u00e0 d\u00e9tecter pr\u00e9cocement la paralysie c\u00e9r\u00e9brale \u00e0 l&rsquo;aide d&rsquo;une s\u00e9rie d&rsquo;outils d&rsquo;\u00e9valuation sophistiqu\u00e9s (imagerie par r\u00e9sonance magn\u00e9tique, \u00e9valuation des mouvements g\u00e9n\u00e9raux \u00e0 l&rsquo;aide de vid\u00e9os, \u00e9valuations normalis\u00e9es du d\u00e9veloppement neurologique). Ces outils sont utilis\u00e9s dans les programmes de suivi postnataux qui surveillent syst\u00e9matiquement les nouveau-n\u00e9s \u00e0 haut risque pendant les premi\u00e8res ann\u00e9es de leur vie.<\/strong><\/p>\n<p>&nbsp;<\/p>\n<p style=\"text-align: left;\"><strong>Plusieurs enfants atteints de la PC ne sont pas n\u00e9s pr\u00e9matur\u00e9ment et n&rsquo;ont pas subi un accouchement \u00e0 haut risque. Une strat\u00e9gie diff\u00e9rente est n\u00e9cessaire pour aider ces enfants afin de pouvoir diagnostiquer la PC pr\u00e9cocement. Nous avons con\u00e7u un outil pour aider les m\u00e9decins communautaires \u00e0 d\u00e9tecter la PC chez les nourrissons dans le cadre de leurs visites de suivi postnatales.<\/strong><\/p>\n","protected":false},"excerpt":{"rendered":"<p>Des \u00e9tudes r\u00e9centes ont fourni des m\u00e9thodes de d\u00e9tection pr\u00e9coce des cas de paralysie c\u00e9r\u00e9brale (PC) chez les nourrissons et les jeunes enfants. Pour les nourrissons \u00e0 haut risque, comme ceux n\u00e9s tr\u00e8s pr\u00e9matur\u00e9ment, il existe des directives internationales visant \u00e0 d\u00e9tecter pr\u00e9cocement la paralysie c\u00e9r\u00e9brale \u00e0 l&rsquo;aide d&rsquo;une s\u00e9rie d&rsquo;outils d&rsquo;\u00e9valuation sophistiqu\u00e9s (imagerie par [&hellip;]<\/p>\n","protected":false},"author":3,"featured_media":3313,"parent":0,"menu_order":0,"comment_status":"closed","ping_status":"closed","template":"page-early-detection.php","meta":{"_acf_changed":false,"footnotes":""},"class_list":["post-3348","page","type-page","status-publish","has-post-thumbnail","hentry"],"acf":[],"_links":{"self":[{"href":"https:\/\/www.childhooddisability.ca\/fr\/wp-json\/wp\/v2\/pages\/3348","targetHints":{"allow":["GET"]}}],"collection":[{"href":"https:\/\/www.childhooddisability.ca\/fr\/wp-json\/wp\/v2\/pages"}],"about":[{"href":"https:\/\/www.childhooddisability.ca\/fr\/wp-json\/wp\/v2\/types\/page"}],"author":[{"embeddable":true,"href":"https:\/\/www.childhooddisability.ca\/fr\/wp-json\/wp\/v2\/users\/3"}],"replies":[{"embeddable":true,"href":"https:\/\/www.childhooddisability.ca\/fr\/wp-json\/wp\/v2\/comments?post=3348"}],"version-history":[{"count":38,"href":"https:\/\/www.childhooddisability.ca\/fr\/wp-json\/wp\/v2\/pages\/3348\/revisions"}],"predecessor-version":[{"id":3825,"href":"https:\/\/www.childhooddisability.ca\/fr\/wp-json\/wp\/v2\/pages\/3348\/revisions\/3825"}],"wp:featuredmedia":[{"embeddable":true,"href":"https:\/\/www.childhooddisability.ca\/fr\/wp-json\/wp\/v2\/media\/3313"}],"wp:attachment":[{"href":"https:\/\/www.childhooddisability.ca\/fr\/wp-json\/wp\/v2\/media?parent=3348"}],"curies":[{"name":"wp","href":"https:\/\/api.w.org\/{rel}","templated":true}]}}